{"id":3,"date":"2024-02-28T20:59:17","date_gmt":"2024-02-28T19:59:17","guid":{"rendered":"https:\/\/iltuosito.emediagency.it\/?page_id=3"},"modified":"2025-04-07T17:26:59","modified_gmt":"2025-04-07T15:26:59","slug":"privacy-policy","status":"publish","type":"page","link":"https:\/\/www.3tsrl.it\/?page_id=3","title":{"rendered":"Privacy Policy"},"content":{"rendered":"\t\t<div data-elementor-type=\"wp-page\" data-elementor-id=\"3\" class=\"elementor elementor-3\" data-elementor-post-type=\"page\">\n\t\t\t\t<div class=\"elementor-element elementor-element-4d7eeaef e-flex e-con-boxed e-con e-parent\" data-id=\"4d7eeaef\" data-element_type=\"container\" data-e-type=\"container\">\n\t\t\t\t\t<div class=\"e-con-inner\">\n\t\t\t\t<div class=\"elementor-element elementor-element-9be3722 elementor-widget elementor-widget-text-editor\" data-id=\"9be3722\" data-element_type=\"widget\" data-e-type=\"widget\" data-widget_type=\"text-editor.default\">\n\t\t\t\t<div class=\"elementor-widget-container\">\n\t\t\t\t\t\t\t\t\t<h2>PRIVACY POLICY<\/h2><p>\u00a0<\/p><p><b>Informazioni sul trattamento dei dati personali raccolti tramite il modulo contatti e la piattaforma del sito web <\/b><a href=\"https:\/\/www.3tsrl.it\/\"><b>https:\/\/www.3tsrl.it\/<\/b><\/a><\/p><p><span style=\"font-weight: 400;\">La presente informativa \u00e8 destinata a tutti i soggetti che interagiscono con le pagine web del sito <\/span><b>https:\/\/www.3tsrl.it\/ <\/b><span style=\"font-weight: 400;\">(di seguito denominato Sito), sia a coloro che utilizzano il Sito senza effettuare alcuna registrazione, sia a coloro che, accedendo all\u2019apposito form, si registrano al Sito ed usufruiscono dei servizi <\/span><i><span style=\"font-weight: 400;\">on-line<\/span><\/i><span style=\"font-weight: 400;\"> prestati tramite il Sito stesso.<\/span><\/p><p><span style=\"font-weight: 400;\">Tale informativa \u00e8 redatta ai sensi dell\u2019art. 13 Reg. UE 679\/2016 (c.d. GDPR) e del D. Lgs. 196\/2003 s.m.i. (c.d. Codice della Privacy), limitatamente alle previsioni applicabili compatibilmente con il GDPR. La presente informativa si ispira anche alla Raccomandazione n. 2\/2001 che le Autorit\u00e0 europee per la protezione dei dati personali, riunite nel Gruppo di lavoro istituito dall\u2019art. 29 della direttiva n. 95\/46\/CE, hanno adottato il 17 maggio 2001 per individuare i requisiti minimi per la raccolta dei dati personali <\/span><i><span style=\"font-weight: 400;\">on-line<\/span><\/i><span style=\"font-weight: 400;\">.<\/span><\/p><p><b>1. Titolare del trattamento<\/b> <b>\u00a0\u00a0\u00a0\u00a0\u00a0\u00a0\u00a0\u00a0<\/b><\/p><p><span style=\"font-weight: 400;\">Il Titolare del trattamento \u00e8 3 T &#8211; Trattamenti Termici Torino s.r.l. (P. IVA. 00767880016), con sede legale in Rivoli (TO) \u2013 via Vajont 77, in persona del Presidente del Consiglio di Amministrazione <\/span><i><span style=\"font-weight: 400;\">pro tempore<\/span><\/i><span style=\"font-weight: 400;\"> Lorenzo Perinetto.\u00a0<\/span><\/p><p><b>2. Tipologia di dati trattati\u00a0<\/b><\/p><p><span style=\"font-weight: 400;\">Il Titolare del trattamento raccoglie le seguenti tipologie di dati personali: \u00a0 <\/span> <span style=\"font-weight: 400;\">\u00a0\u00a0\u00a0\u00a0\u00a0\u00a0\u00a0<\/span><\/p><p><span style=\"font-weight: 400;\">&#8211; <\/span><i><span style=\"font-weight: 400;\">dati di navigazione<\/span><\/i><i><span style=\"font-weight: 400;\">: i<\/span><\/i><span style=\"font-weight: 400;\"> sistemi informatici e le procedure <\/span><i><span style=\"font-weight: 400;\">software<\/span><\/i><span style=\"font-weight: 400;\"> preposte al funzionamento di questo sito acquisiscono, nel corso del loro normale esercizio, alcuni dati personali la cui trasmissione \u00e8 implicita nell\u2019uso di protocolli di comunicazione di Internet. In questa categoria rientrano gli indirizzi IP o i nomi a dominio dei computer e dei terminali utilizzati dagli utenti, gli indirizzi in notazione URI\/URL (Uniform Resource Identifier\/Locator) delle risorse richieste, l\u2019orario della richiesta, il metodo utilizzato nel sottoporre la richiesta al server, la dimensione del file ottenuto in risposta, il codice numerico indicante lo stato della risposta data dal server (buon fine, errore, etc.) ed altri parametri relativi al sistema operativo ed all\u2019ambiente informatico dell\u2019utente; <\/span><\/p><p><i><span style=\"font-weight: 400;\">&#8211; <\/span><\/i><i><span style=\"font-weight: 400;\">dati identificativi<\/span><\/i><span style=\"font-weight: 400;\"> (quali il nome e cognome); <\/span><\/p><p><span style=\"font-weight: 400;\">&#8211; <\/span><i><span style=\"font-weight: 400;\">dati di contatto<\/span><\/i><span style=\"font-weight: 400;\"> (quali il numero di telefono e indirizzo e-mail);<\/span><\/p><p><span style=\"font-weight: 400;\">&#8211; <\/span><i><span style=\"font-weight: 400;\">dati forniti volontariamente dall\u2019utente:<\/span><\/i><span style=\"font-weight: 400;\"> qualora l\u2019interessato, collegandosi al Sito, invii i propri dati personali per effettuare richieste a mezzo posta elettronica, tali dati verranno trattati esclusivamente per rispondere alla richiesta.\u00a0<\/span><\/p><p>\u00a0<\/p><p><b>3. Modalit\u00e0 di raccolta dei dati<\/b> <b>\u00a0\u00a0\u00a0\u00a0\u00a0\u00a0\u00a0\u00a0\u00a0\u00a0\u00a0\u00a0\u00a0\u00a0\u00a0\u00a0\u00a0\u00a0\u00a0\u00a0\u00a0\u00a0\u00a0\u00a0\u00a0<\/b><\/p><p><span style=\"font-weight: 400;\">Il Titolare del trattamento raccoglie i dati di navigazione e personali tramite:<\/span><\/p><p><span style=\"font-weight: 400;\">&#8211; la consultazione del Sito, mediante l\u2019uso di cookies; per avere maggiori informazioni in merito all\u2019utilizzo dei cookies, si prega di prendere visione della cookie policy presente sul Sito;<\/span><\/p><p><span style=\"font-weight: 400;\">&#8211; la compilazione da parte dell\u2019utente dell\u2019apposito modulo contatti presente sul Sito;<\/span><\/p><p>\u00a0<\/p><p><b>4. Finalit\u00e0 del Trattamento<\/b> <b>\u00a0<\/b><\/p><p><span style=\"font-weight: 400;\">I dati personali raccolti dal Titolare del trattamento vengono trattati per le seguenti finalit\u00e0:<\/span><\/p><p><span style=\"font-weight: 400;\">per rispondere alle richieste inoltrate dall\u2019utente tramite il modulo contatti\u00a0<\/span><\/p><p>\u00a0<\/p><p><b>5. Base giuridica del trattamento<\/b><\/p><p><span style=\"font-weight: 400;\">La liceit\u00e0 del trattamento dei dati personali raccolti per le finalit\u00e0 di cui al precedente art. 4 lett. a) e c) \u00e8 basata sul consenso dell\u2019interessato\/utente, liberamente espresso tramite i relativi \u201cflag\u201d presenti nella sezione \u201ccontatti\u201d del Sito.<\/span><span style=\"font-weight: 400;\"> Il <\/span><b>consenso<\/b><span style=\"font-weight: 400;\"> eventualmente prestato pu\u00f2 essere <\/span><b>revocato in qualsiasi momento<\/b><span style=\"font-weight: 400;\"> con le modalit\u00e0 meglio descritte al successivo art. 12<\/span><span style=\"font-weight: 400;\">.<\/span><\/p><p><span style=\"font-weight: 400;\">Per quanto riguarda invece la finalit\u00e0 di cui all\u2019art. 4 lettera b), la liceit\u00e0 del trattamento trova fondamento nell\u2019esecuzione del contratto di vendita.<\/span><\/p><p>\u00a0<\/p><p><b>6. Modalit\u00e0 del trattamento dei dati<\/b> <b>\u00a0\u00a0\u00a0\u00a0\u00a0\u00a0\u00a0\u00a0<\/b><\/p><p><span style=\"font-weight: 400;\">Il trattamento dei dati personali \u00e8 realizzato per mezzo delle operazioni indicate all\u2019art. 4 n. 2) del GDPR e, precisamente, mediante la raccolta, la registrazione, l\u2019organizzazione, la strutturazione, la conservazione, l\u2019adattamento o la modifica, l\u2019estrazione, la consultazione, l\u2019utilizzo, l\u2019elaborazione, la comunicazione mediante trasmissione, diffusione o qualsiasi altra forma di messa a disposizione, il raffronto o l\u2019interconnessione, la limitazione, la cancellazione o la distruzione dei dati.\u00a0\u00a0<\/span><\/p><p><span style=\"font-weight: 400;\">Tale trattamento \u00e8 improntato ai principi di liceit\u00e0, correttezza, necessit\u00e0 e trasparenza nei confronti dell\u2019interessato.<\/span><\/p><p><span style=\"font-weight: 400;\">Il trattamento dei dati personali avviene con sistemi manuali, informatici ed automatizzati atti a memorizzare, gestire e trasmettere i dati stessi, con logiche strettamente correlate alle finalit\u00e0 di cui al punto 4 e, in ogni caso, in ottemperanza della normativa in materia di protezione dei dati personali.<\/span> <span style=\"font-weight: 400;\">\u00a0\u00a0\u00a0\u00a0\u00a0\u00a0\u00a0\u00a0\u00a0\u00a0\u00a0\u00a0\u00a0\u00a0\u00a0\u00a0\u00a0\u00a0<\/span><\/p><p><span style=\"font-weight: 400;\">Il trattamento dei dati personali avviene inoltre mediante l\u2019utilizzo di misure tecniche ed organizzative adeguate a garantire la sicurezza, la riservatezza, l\u2019integrit\u00e0, la disponibilit\u00e0 e la resilienza dei sistemi e dei servizi, nonch\u00e9 tramite l\u2019utilizzo di idonee procedure volte ad evitare il rischio di perdita, l\u2019accesso non autorizzato, l\u2019uso illecito e la diffusione dei dati personali.<\/span><\/p><p>\u00a0<\/p><p><b>7. Natura del conferimento dei dati e conseguenze in caso di rifiuto al trattamento <\/b> <b>\u00a0\u00a0\u00a0\u00a0\u00a0\u00a0\u00a0\u00a0\u00a0<\/b><\/p><p><span style=\"font-weight: 400;\">Il conferimento dei dati personali per le finalit\u00e0 di cui al precedente art. 4 lettere a) e b) \u00e8 meramente facoltativo; tuttavia, poich\u00e9 tale trattamento \u00e8 necessario per consentire a 3 T &#8211; Trattamenti Termici Torino s.r.l. di espletare il servizio richiesto dall\u2019utente, si informa che il mancato conferimento dei dati personali richiesti comporter\u00e0 l\u2019impossibilit\u00e0, a seconda dei casi, di ricevere informazioni o di perfezionare l\u2019ordine di acquisto.\u00a0<\/span><\/p><p><span style=\"font-weight: 400;\">Il conferimento dei dati personali per la finalit\u00e0 di cui al precedente art. 4 lett. c) \u00e8 anch\u2019esso meramente facoltativo ma il mancato conferimento dei dati in questione non comporter\u00e0 alcun pregiudizio per l\u2019utente interessato, se non l\u2019impossibilit\u00e0 per 3 T &#8211; Trattamenti Termici Torino s.r.l. di inviare al medesimo comunicazioni commerciali o promozionali in merito ai servizi offerti.<\/span><\/p><p><span style=\"font-weight: 400;\">\u00a0\u00a0\u00a0\u00a0\u00a0\u00a0\u00a0<\/span><\/p><p><b>8. Destinatari dei dati<\/b> <b>\u00a0\u00a0\u00a0\u00a0\u00a0\u00a0\u00a0\u00a0<\/b><\/p><p><span style=\"font-weight: 400;\">I dati personali possono essere trasmessi:<\/span><\/p><p><span style=\"font-weight: 400;\">&#8211; ai soci ed al personale dipendente di 3 T &#8211; Trattamenti Termici Torino s.r.l. autorizzati a compiere operazioni di trattamento dal Titolare (c.d. incaricati del trattamento). Ti informiamo che tutti i predetti soggetti sono debitamente istruiti circa gli adempimenti e le misure da adottare in materia di protezione dei dati personali;<\/span><\/p><p><span style=\"font-weight: 400;\">&#8211; a tutti quei soggetti (ivi incluse le Pubbliche Autorit\u00e0) che hanno accesso ai dati personali in forza di provvedimenti normativi o amministrativi;\u00a0\u00a0<\/span><\/p><p><span style=\"font-weight: 400;\">&#8211; a tutti quei soggetti, pubblici e\/o privati, persone fisiche e\/o giuridiche qualora la comunicazione risulti necessaria o funzionale al corretto adempimento degli obblighi contrattuali assunti, nonch\u00e9 degli obblighi derivanti dalla legge;<\/span><\/p><p><span style=\"font-weight: 400;\">&#8211; a societ\u00e0, consulenti o professionisti, eventualmente incaricati dell\u2019installazione, manutenzione, aggiornamento e, in generale, della gestione degli hardware e software o di cui 3 T &#8211; Trattamenti Termici Torino s.r.l. si serve per l\u2019erogazione dei propri servizi;<\/span><\/p><p><span style=\"font-weight: 400;\">&#8211; a societ\u00e0 incaricate dell\u2019elaborazione e\/o dell\u2019invio di materiale pubblicitario ed informativo per conto di 3 T &#8211; Trattamenti Termici Torino s.r.l.<\/span><\/p><p><span style=\"font-weight: 400;\">&#8211; in generale, a soggetti terzi che svolgono attivit\u00e0 in <\/span><i><span style=\"font-weight: 400;\">outsourcing<\/span><\/i><span style=\"font-weight: 400;\"> per conto del Titolare nella loro qualit\u00e0 di responsabili esterni del trattamento.<\/span><\/p><p><span style=\"font-weight: 400;\">In tutti i casi sopra esposti saranno comunicati solo i dati essenziali, e non eccedenti, rispetto alle finalit\u00e0 per le quali sono stati raccolti.<\/span><\/p><p>\u00a0<\/p><p><b>9. Periodo di conservazione<\/b> <b>\u00a0\u00a0\u00a0\u00a0\u00a0\u00a0\u00a0\u00a0\u00a0\u00a0\u00a0\u00a0\u00a0\u00a0\u00a0<\/b><\/p><p><span style=\"font-weight: 400;\">I\u00a0dati personali raccolti per le finalit\u00e0 di cui all\u2019art. 4. lett. a) e b) sono conservati per il tempo necessario a soddisfare le finalit\u00e0 per le quali sono stati raccolti. Tuttavia, la cancellazione dei dati personali non avverr\u00e0 nella misura in cui il loro trattamento sia necessario per l\u2019accertamento, l\u2019esercizio o la difesa di un diritto in sede giudiziaria.<\/span><\/p><p><span style=\"font-weight: 400;\">I dati personali raccolti per le finalit\u00e0 di cui all\u2019art. 4 lett.c) sono conservati sino all\u2019eventuale revoca del consenso prestato dall\u2019interessato.<\/span><\/p><p>\u00a0<\/p><p><b>10. Trasferimento dei dati all\u2019estero<\/b><\/p><p><span style=\"font-weight: 400;\">Il Titolare del trattamento non trasferisce i dati personali dell\u2019interessato in Paesi terzi o ad organizzazioni internazionali.<\/span><\/p><p>\u00a0<\/p><p><b>11. Collegamenti ad altri siti<\/b><\/p><p><span style=\"font-weight: 400;\">La presente informativa \u00e8 fornita solo per il sito web <\/span><span style=\"font-weight: 400;\">https:\/\/www.3tsrl.it\/ <\/span><span style=\"font-weight: 400;\">e non anche per altri siti web eventualmente consultati dall\u2019utente tramite link di collegamento. <\/span><span style=\"font-weight: 400;\">3 T &#8211; Trattamenti Termici Torino s.r.l. <\/span><span style=\"font-weight: 400;\">non pu\u00f2 essere ritenuto responsabile dei dati personali forniti dagli utenti a soggetti esterni o a eventuali siti Web collegati al presente sito.<\/span><\/p><p>\u00a0<\/p><p><b>12. Diritti dell\u2019interessato<\/b><\/p><p><span style=\"font-weight: 400;\">3 T Trattamenti Termici Torino s.r.l. La informa che in qualsiasi momento pu\u00f2 ottenere dalla medesima la conferma che sia o meno in corso un trattamento dei dati personali che La riguardano e, in caso affermativo, ha il diritto di chiedere l\u2019accesso ai Suoi dati personali, la loro rettifica e integrazione, la loro cancellazione o la limitazione del trattamento, nonch\u00e9 ha il diritto di opporsi al loro trattamento.\u00a0<\/span><\/p><p><span style=\"font-weight: 400;\">Si rende altres\u00ec noto che Lei ha il diritto di ricevere in un formato strutturato, di uso comune e leggibile da dispositivo automatico, i dati personali che La riguardano forniti a 3 T Trattamenti Termici Torino s.r.l., oltre al diritto di trasmettere tali dati ad un altro titolare del trattamento senza impedimenti e in maniera diretta se tecnicamente fattibile (c.d. diritto alla portabilit\u00e0 dei dati).\u00a0<\/span><\/p><p><span style=\"font-weight: 400;\">Per l\u2019esercizio di tali diritti, l\u2019interessato pu\u00f2 trasmettere un\u2019apposita richiesta all\u2019indirizzo mail info@3ts.r.l.it.<\/span><\/p><p><span style=\"font-weight: 400;\">o, in alternativa, a mezzo raccomandata presso la sede legale di 3 T Trattamenti Termici Torino s.r.l. sita in Rivoli (TO) \u2013 via Vajont 77.\u00a0<\/span><\/p><p><span style=\"font-weight: 400;\">Alla richiesta verr\u00e0 fornito riscontro al pi\u00f9 tardi entro un mese; tale termine pu\u00f2 essere prorogato di due mesi tenuto conto della complessit\u00e0 e del numero delle richieste.<\/span><\/p><p><span style=\"font-weight: 400;\">L\u2019interessato ha altres\u00ec il diritto di proporre reclamo all\u2019Autorit\u00e0 di controllo.<\/span><\/p>\t\t\t\t\t\t\t\t<\/div>\n\t\t\t\t<\/div>\n\t\t\t\t\t<\/div>\n\t\t\t\t<\/div>\n\t\t\t\t<\/div>\n\t\t","protected":false},"excerpt":{"rendered":"<p>PRIVACY POLICY \u00a0 Informazioni sul trattamento dei dati personali raccolti tramite il modulo contatti e la piattaforma del sito web https:\/\/www.3tsrl.it\/ La presente informativa \u00e8 destinata a tutti i soggetti che interagiscono con le pagine web del sito https:\/\/www.3tsrl.it\/ (di seguito denominato Sito), sia a coloro che utilizzano il Sito senza effettuare alcuna registrazione, sia [&hellip;]<\/p>\n","protected":false},"author":1,"featured_media":0,"parent":0,"menu_order":0,"comment_status":"closed","ping_status":"open","template":"","meta":{"footnotes":""},"class_list":["post-3","page","type-page","status-publish","hentry"],"yoast_head":"<!-- This site is optimized with the Yoast SEO plugin v27.5 - https:\/\/yoast.com\/product\/yoast-seo-wordpress\/ -->\n<title>Privacy Policy - 3T Trattamenti Termici Torino<\/title>\n<meta name=\"robots\" content=\"index, follow, max-snippet:-1, max-image-preview:large, max-video-preview:-1\" \/>\n<link rel=\"canonical\" href=\"https:\/\/www.3tsrl.it\/?page_id=3\" \/>\n<meta property=\"og:locale\" content=\"it_IT\" \/>\n<meta property=\"og:type\" content=\"article\" \/>\n<meta property=\"og:title\" content=\"Privacy Policy - 3T Trattamenti Termici Torino\" \/>\n<meta property=\"og:description\" content=\"PRIVACY POLICY \u00a0 Informazioni sul trattamento dei dati personali raccolti tramite il modulo contatti e la piattaforma del sito web https:\/\/www.3tsrl.it\/ La presente informativa \u00e8 destinata a tutti i soggetti che interagiscono con le pagine web del sito https:\/\/www.3tsrl.it\/ (di seguito denominato Sito), sia a coloro che utilizzano il Sito senza effettuare alcuna registrazione, sia [&hellip;]\" \/>\n<meta property=\"og:url\" content=\"https:\/\/www.3tsrl.it\/?page_id=3\" \/>\n<meta property=\"og:site_name\" content=\"3T Trattamenti Termici Torino\" \/>\n<meta property=\"article:modified_time\" content=\"2025-04-07T15:26:59+00:00\" \/>\n<meta name=\"twitter:card\" content=\"summary_large_image\" \/>\n<meta name=\"twitter:label1\" content=\"Tempo di lettura stimato\" \/>\n\t<meta name=\"twitter:data1\" content=\"8 minuti\" \/>\n<script type=\"application\/ld+json\" class=\"yoast-schema-graph\">{\"@context\":\"https:\\\/\\\/schema.org\",\"@graph\":[{\"@type\":\"WebPage\",\"@id\":\"https:\\\/\\\/www.3tsrl.it\\\/?page_id=3\",\"url\":\"https:\\\/\\\/www.3tsrl.it\\\/?page_id=3\",\"name\":\"Privacy Policy - 3T Trattamenti Termici Torino\",\"isPartOf\":{\"@id\":\"https:\\\/\\\/www.3tsrl.it\\\/#website\"},\"datePublished\":\"2024-02-28T19:59:17+00:00\",\"dateModified\":\"2025-04-07T15:26:59+00:00\",\"breadcrumb\":{\"@id\":\"https:\\\/\\\/www.3tsrl.it\\\/?page_id=3#breadcrumb\"},\"inLanguage\":\"it-IT\",\"potentialAction\":[{\"@type\":\"ReadAction\",\"target\":[\"https:\\\/\\\/www.3tsrl.it\\\/?page_id=3\"]}]},{\"@type\":\"BreadcrumbList\",\"@id\":\"https:\\\/\\\/www.3tsrl.it\\\/?page_id=3#breadcrumb\",\"itemListElement\":[{\"@type\":\"ListItem\",\"position\":1,\"name\":\"Home\",\"item\":\"https:\\\/\\\/www.3tsrl.it\\\/\"},{\"@type\":\"ListItem\",\"position\":2,\"name\":\"Privacy Policy\"}]},{\"@type\":\"WebSite\",\"@id\":\"https:\\\/\\\/www.3tsrl.it\\\/#website\",\"url\":\"https:\\\/\\\/www.3tsrl.it\\\/\",\"name\":\"3T Trattamenti Termici Torino\",\"description\":\"\",\"potentialAction\":[{\"@type\":\"SearchAction\",\"target\":{\"@type\":\"EntryPoint\",\"urlTemplate\":\"https:\\\/\\\/www.3tsrl.it\\\/?s={search_term_string}\"},\"query-input\":{\"@type\":\"PropertyValueSpecification\",\"valueRequired\":true,\"valueName\":\"search_term_string\"}}],\"inLanguage\":\"it-IT\"}]}<\/script>\n<!-- \/ Yoast SEO plugin. -->","yoast_head_json":{"title":"Privacy Policy - 3T Trattamenti Termici Torino","robots":{"index":"index","follow":"follow","max-snippet":"max-snippet:-1","max-image-preview":"max-image-preview:large","max-video-preview":"max-video-preview:-1"},"canonical":"https:\/\/www.3tsrl.it\/?page_id=3","og_locale":"it_IT","og_type":"article","og_title":"Privacy Policy - 3T Trattamenti Termici Torino","og_description":"PRIVACY POLICY \u00a0 Informazioni sul trattamento dei dati personali raccolti tramite il modulo contatti e la piattaforma del sito web https:\/\/www.3tsrl.it\/ La presente informativa \u00e8 destinata a tutti i soggetti che interagiscono con le pagine web del sito https:\/\/www.3tsrl.it\/ (di seguito denominato Sito), sia a coloro che utilizzano il Sito senza effettuare alcuna registrazione, sia [&hellip;]","og_url":"https:\/\/www.3tsrl.it\/?page_id=3","og_site_name":"3T Trattamenti Termici Torino","article_modified_time":"2025-04-07T15:26:59+00:00","twitter_card":"summary_large_image","twitter_misc":{"Tempo di lettura stimato":"8 minuti"},"schema":{"@context":"https:\/\/schema.org","@graph":[{"@type":"WebPage","@id":"https:\/\/www.3tsrl.it\/?page_id=3","url":"https:\/\/www.3tsrl.it\/?page_id=3","name":"Privacy Policy - 3T Trattamenti Termici Torino","isPartOf":{"@id":"https:\/\/www.3tsrl.it\/#website"},"datePublished":"2024-02-28T19:59:17+00:00","dateModified":"2025-04-07T15:26:59+00:00","breadcrumb":{"@id":"https:\/\/www.3tsrl.it\/?page_id=3#breadcrumb"},"inLanguage":"it-IT","potentialAction":[{"@type":"ReadAction","target":["https:\/\/www.3tsrl.it\/?page_id=3"]}]},{"@type":"BreadcrumbList","@id":"https:\/\/www.3tsrl.it\/?page_id=3#breadcrumb","itemListElement":[{"@type":"ListItem","position":1,"name":"Home","item":"https:\/\/www.3tsrl.it\/"},{"@type":"ListItem","position":2,"name":"Privacy Policy"}]},{"@type":"WebSite","@id":"https:\/\/www.3tsrl.it\/#website","url":"https:\/\/www.3tsrl.it\/","name":"3T Trattamenti Termici Torino","description":"","potentialAction":[{"@type":"SearchAction","target":{"@type":"EntryPoint","urlTemplate":"https:\/\/www.3tsrl.it\/?s={search_term_string}"},"query-input":{"@type":"PropertyValueSpecification","valueRequired":true,"valueName":"search_term_string"}}],"inLanguage":"it-IT"}]}},"_links":{"self":[{"href":"https:\/\/www.3tsrl.it\/index.php?rest_route=\/wp\/v2\/pages\/3","targetHints":{"allow":["GET"]}}],"collection":[{"href":"https:\/\/www.3tsrl.it\/index.php?rest_route=\/wp\/v2\/pages"}],"about":[{"href":"https:\/\/www.3tsrl.it\/index.php?rest_route=\/wp\/v2\/types\/page"}],"author":[{"embeddable":true,"href":"https:\/\/www.3tsrl.it\/index.php?rest_route=\/wp\/v2\/users\/1"}],"replies":[{"embeddable":true,"href":"https:\/\/www.3tsrl.it\/index.php?rest_route=%2Fwp%2Fv2%2Fcomments&post=3"}],"version-history":[{"count":9,"href":"https:\/\/www.3tsrl.it\/index.php?rest_route=\/wp\/v2\/pages\/3\/revisions"}],"predecessor-version":[{"id":577,"href":"https:\/\/www.3tsrl.it\/index.php?rest_route=\/wp\/v2\/pages\/3\/revisions\/577"}],"wp:attachment":[{"href":"https:\/\/www.3tsrl.it\/index.php?rest_route=%2Fwp%2Fv2%2Fmedia&parent=3"}],"curies":[{"name":"wp","href":"https:\/\/api.w.org\/{rel}","templated":true}]}}