{"id":554,"date":"2025-04-07T17:15:06","date_gmt":"2025-04-07T15:15:06","guid":{"rendered":"https:\/\/www.3tsrl.it\/?page_id=554"},"modified":"2025-04-07T17:23:08","modified_gmt":"2025-04-07T15:23:08","slug":"informativa-clienti-e-fornitori-2","status":"publish","type":"page","link":"https:\/\/www.3tsrl.it\/?page_id=554","title":{"rendered":"Informativa Clienti e Fornitori"},"content":{"rendered":"\t\t<div data-elementor-type=\"wp-page\" data-elementor-id=\"554\" class=\"elementor elementor-554\" data-elementor-post-type=\"page\">\n\t\t\t\t<div class=\"elementor-element elementor-element-dae1e76 e-flex e-con-boxed e-con e-parent\" data-id=\"dae1e76\" data-element_type=\"container\" data-e-type=\"container\">\n\t\t\t\t\t<div class=\"e-con-inner\">\n\t\t\t\t<div class=\"elementor-element elementor-element-d49a23e elementor-widget elementor-widget-text-editor\" data-id=\"d49a23e\" data-element_type=\"widget\" data-e-type=\"widget\" data-widget_type=\"text-editor.default\">\n\t\t\t\t<div class=\"elementor-widget-container\">\n\t\t\t\t\t\t\t\t\t<h2>INFORMATIVA CLIENTI E FORNITORI<\/h2><p>\u00a0<\/p><p><b>Informazioni ai sensi dell\u2019art. 13 del Regolamento UE 679\/2016 GDPR (clienti e fornitori)<\/b><\/p><p><span style=\"font-weight: 400;\">In relazione ai dati personali che La riguardano e di cui 3 T \u2013 Trattamenti Termici Torino s.r.l. entrer\u00e0 in possesso nell\u2019ambito della propria attivit\u00e0 di impresa, ai sensi dell\u2019art. 13 del Regolamento Ue 679\/2016 (c.d. GDPR), si forniscono le seguenti informazioni:\u00a0<\/span><\/p><p><b>1. Titolare del trattamento e dati di contatto<\/b><\/p><p><span style=\"font-weight: 400;\">Il Titolare del trattamento \u00e8 3 T Trattamenti Termici Torino s.r.l. (P. IVA. 00767880016), con sede legale in Rivoli (TO) \u2013 via Vajont 77, in persona del Presidente del Consiglio di Amministrazione <\/span><i><span style=\"font-weight: 400;\">pro tempore<\/span><\/i><span style=\"font-weight: 400;\"> Lorenzo Perinetto.\u00a0<\/span><\/p><p><b>2. Finalit\u00e0 del trattamento dei dati personali<\/b><\/p><p><span style=\"font-weight: 400;\">I dati da Lei forniti verranno trattati per le seguenti finalit\u00e0:\u00a0<\/span><\/p><p><span style=\"font-weight: 400;\">a) adempimenti di obblighi precontrattuali e contrattuali o regolati da singoli ordini;<\/span><\/p><p><span style=\"font-weight: 400;\">b) assistenza post-vendita;<\/span><\/p><p><span style=\"font-weight: 400;\">c) adempimenti amministrativi, contabili e normativi in genere connessi al rapporto contrattuale.<\/span><\/p><p><b>3. Base giuridica del trattamento<\/b><\/p><p><span style=\"font-weight: 400;\">La liceit\u00e0 del trattamento dei Suoi dati personali trova il proprio fondamento nell\u2019instaurazione di un rapporto contrattuale con 3 T \u2013 Trattamenti Termici Torino s.r.l. e nella sua esecuzione, nonch\u00e9 negli obblighi contrattuali e di legge da esso derivanti.\u00a0\u00a0<\/span><\/p><p><b>4. Destinatari dei dati personali<\/b><\/p><p><span style=\"font-weight: 400;\">Per il perseguimento delle finalit\u00e0 di cui all\u2019art. 2, i dati personali possono essere trasmessi ove necessario:\u00a0<\/span><\/p><p><span style=\"font-weight: 400;\">&#8211;\u00a0 ai lavoratori dipendenti di 3 T \u2013 Trattamenti Termici Torino s.r.l. autorizzati dal Titolare a compiere operazioni di trattamento (c.d. incaricati del trattamento). Si informano gli interessati che tutti i predetti soggetti sono stati debitamente istruiti circa gli adempimenti e le misure da adottare in materia di protezione dei dati personali;<\/span><\/p><p><span style=\"font-weight: 400;\">&#8211; tutti quei soggetti terzi che svolgono attivit\u00e0 in <\/span><i><span style=\"font-weight: 400;\">outsourcing<\/span><\/i><span style=\"font-weight: 400;\"> per conto di 3 T \u2013 Trattamenti Termici Torino s.r.l. nella loro qualit\u00e0 di responsabili del trattamento quali, a titolo esemplificativo, i consulenti contabili e gli agenti di commercio;<\/span><\/p><p><span style=\"font-weight: 400;\">&#8211; a tutti quei soggetti pubblici e privati cui la comunicazione dei dati sia necessaria per il corretto adempimento degli obblighi contrattuali e di legge;\u00a0\u00a0<\/span><\/p><p><span style=\"font-weight: 400;\">&#8211; altri soggetti esterni che si occupano per conto di 3 T \u2013 Trattamenti Termici Torino s.r.l. delle attivit\u00e0 di trasporto, di erogazione dei servizi di assistenza post vendita o che effettuano prestazioni di supporto tecnico in genere.<\/span><\/p><p><span style=\"font-weight: 400;\">In questi casi saranno comunicati solo i dati essenziali, e non eccedenti, rispetto alle finalit\u00e0 per le quali sono stati raccolti.<\/span><\/p><p><span style=\"font-weight: 400;\">I dati personali non saranno oggetto di diffusione e non saranno comunicati a soggetti terzi non autorizzati, a meno che non si tratti di legittima richiesta da parte dell\u2019autorit\u00e0 giudiziaria e nei soli casi previsti dalla legge.<\/span><\/p><p><b>5. Modalit\u00e0 del trattamento dei dati personali<\/b><\/p><p><span style=\"font-weight: 400;\">Il trattamento dei Suoi dati personali \u00e8 realizzato per mezzo delle operazioni indicate all\u2019art. 4 n. 2) del GDPR e, precisamente, mediante la raccolta, la registrazione, l\u2019organizzazione, la strutturazione, la conservazione, l\u2019adattamento o la modifica, l\u2019estrazione, la consultazione, l\u2019utilizzo, la comunicazione mediante trasmissione, diffusione o qualsiasi altra forma di messa a disposizione, il raffronto o l\u2019interconnessione, la limitazione, la cancellazione o la distruzione dei dati.\u00a0\u00a0<\/span><\/p><p><span style=\"font-weight: 400;\">Il trattamento dei Suoi dati \u00e8 improntato ai principi di liceit\u00e0, correttezza, necessit\u00e0 e trasparenza.\u00a0<\/span><\/p><p><span style=\"font-weight: 400;\">Il trattamento dei Suoi dati avviene con sistemi manuali e\/o informatici atti a memorizzare, gestire e trasmettere i dati stessi con logiche strettamente correlate alle finalit\u00e0 di cui al punto 2 ed in modo da garantire la riservatezza ed integrit\u00e0 dei dati stessi.\u00a0\u00a0<\/span><\/p><p><b>6. Natura del conferimento dei dati e conseguenze in caso di rifiuto al trattamento<\/b><\/p><p><span style=\"font-weight: 400;\">La comunicazione dei dati personali \u00e8 requisito obbligatorio per la corretta instaurazione di un rapporto contrattuale con 3 T \u2013 Trattamenti Termici Torino s.r.l. e per la sua esecuzione; pertanto, l\u2019eventuale rifiuto a conferire i dati personali comporta l\u2019oggettiva impossibilit\u00e0 per il Titolare del trattamento di instaurare il rapporto pre-contrattuale e\/o contrattuale ed eseguire la prestazione richiesta, nonch\u00e9 di adempiere gli obblighi di legge da esso derivanti.\u00a0\u00a0<\/span><\/p><p><b>7. Trasferimento dei dati all\u2019estero<\/b><\/p><p><span style=\"font-weight: 400;\">Nell\u2019ambito del trattamento effettuato da 3 T \u2013 Trattamenti Termici Torino s.r.l., i dati personali potrebbero essere trasferiti verso Paesi terzi in conseguenza dell\u2019utilizzo di risorse di <\/span><i><span style=\"font-weight: 400;\">cloud computing<\/span><\/i><span style=\"font-weight: 400;\"> per la conservazione e l\u2019archiviazione dei dati. In tale caso, i dati personali saranno protetti mediante l\u2019utilizzo di tecniche di pseudonimizzazione e cifrature<\/span><b>.<\/b><\/p><p><b>8. Periodo di conservazione dei dati personali<\/b><\/p><p><span style=\"font-weight: 400;\">I dati personali raccolti per le finalit\u00e0 di cui all\u2019art. 4 vengono conservati presso la sede del Titolare del trattamento su supporto cartaceo e\/o informatico per tutta la durata del rapporto contrattuale, al termine del quale vengono cancellati, fatto in ogni caso salvo quanto stabilito dalla normativa civilistica vigente in materia di conservazione di scritture e documenti contabili (10 anni).<\/span><\/p><p><span style=\"font-weight: 400;\">In ogni caso, la cancellazione dei dati personali non avverr\u00e0 nella misura in cui il loro trattamento sia necessario per l\u2019accertamento, l\u2019esercizio o la difesa di un diritto in sede giudiziaria.\u00a0\u00a0\u00a0\u00a0<\/span><\/p><p><b>9. Diritti dell\u2019interessato<\/b><\/p><p><span style=\"font-weight: 400;\">3 T Trattamenti Termici Torino s.r.l. La informa che in qualsiasi momento pu\u00f2 ottenere dalla medesima la conferma che sia o meno in corso un trattamento dei dati personali che La riguardano e, in caso affermativo, ha il diritto di chiedere l\u2019accesso ai Suoi dati personali, la loro rettifica e integrazione, la loro cancellazione o la limitazione del trattamento, nonch\u00e9 ha il diritto di opporsi al loro trattamento.\u00a0<\/span><\/p><p><span style=\"font-weight: 400;\">Si rende altres\u00ec noto che Lei ha il diritto di ricevere in un formato strutturato, di uso comune e leggibile da dispositivo automatico, i dati personali che La riguardano forniti a 3 T Trattamenti Termici Torino s.r.l., oltre al diritto di trasmettere tali dati ad un altro titolare del trattamento senza impedimenti e in maniera diretta se tecnicamente fattibile (c.d. diritto alla portabilit\u00e0 dei dati).\u00a0<\/span><\/p><p><span style=\"font-weight: 400;\">Per l\u2019esercizio di tali diritti, l\u2019interessato pu\u00f2 trasmettere un\u2019apposita richiesta all\u2019indirizzo mail info@3ts.r.l.it.<\/span><\/p><p><span style=\"font-weight: 400;\">o, in alternativa, a mezzo raccomandata presso la sede legale di 3 T Trattamenti Termici Torino s.r.l. sita in Rivoli (TO) \u2013 via Vajont 77.\u00a0<\/span><\/p><p><span style=\"font-weight: 400;\">Alla richiesta verr\u00e0 fornito riscontro al pi\u00f9 tardi entro un mese; tale termine pu\u00f2 essere prorogato di due mesi tenuto conto della complessit\u00e0 e del numero delle richieste.<\/span><\/p><p><span style=\"font-weight: 400;\">L\u2019interessato ha altres\u00ec il diritto di proporre reclamo all\u2019Autorit\u00e0 di controllo.<\/span><\/p><p><br style=\"font-weight: 400;\" \/><br style=\"font-weight: 400;\" \/><\/p><p><br style=\"font-weight: 400;\" \/><br style=\"font-weight: 400;\" \/><\/p>\t\t\t\t\t\t\t\t<\/div>\n\t\t\t\t<\/div>\n\t\t\t\t\t<\/div>\n\t\t\t\t<\/div>\n\t\t\t\t<\/div>\n\t\t","protected":false},"excerpt":{"rendered":"<p>INFORMATIVA CLIENTI E FORNITORI \u00a0 Informazioni ai sensi dell\u2019art. 13 del Regolamento UE 679\/2016 GDPR (clienti e fornitori) In relazione ai dati personali che La riguardano e di cui 3 T \u2013 Trattamenti Termici Torino s.r.l. entrer\u00e0 in possesso nell\u2019ambito della propria attivit\u00e0 di impresa, ai sensi dell\u2019art. 13 del Regolamento Ue 679\/2016 (c.d. GDPR), [&hellip;]<\/p>\n","protected":false},"author":1,"featured_media":0,"parent":0,"menu_order":0,"comment_status":"closed","ping_status":"closed","template":"","meta":{"footnotes":""},"class_list":["post-554","page","type-page","status-publish","hentry"],"yoast_head":"<!-- This site is optimized with the Yoast SEO plugin v27.5 - https:\/\/yoast.com\/product\/yoast-seo-wordpress\/ -->\n<title>Informativa Clienti e Fornitori - 3T Trattamenti Termici Torino<\/title>\n<meta name=\"robots\" content=\"index, follow, max-snippet:-1, max-image-preview:large, max-video-preview:-1\" \/>\n<link rel=\"canonical\" href=\"https:\/\/www.3tsrl.it\/?page_id=554\" \/>\n<meta property=\"og:locale\" content=\"it_IT\" \/>\n<meta property=\"og:type\" content=\"article\" \/>\n<meta property=\"og:title\" content=\"Informativa Clienti e Fornitori - 3T Trattamenti Termici Torino\" \/>\n<meta property=\"og:description\" content=\"INFORMATIVA CLIENTI E FORNITORI \u00a0 Informazioni ai sensi dell\u2019art. 13 del Regolamento UE 679\/2016 GDPR (clienti e fornitori) In relazione ai dati personali che La riguardano e di cui 3 T \u2013 Trattamenti Termici Torino s.r.l. entrer\u00e0 in possesso nell\u2019ambito della propria attivit\u00e0 di impresa, ai sensi dell\u2019art. 13 del Regolamento Ue 679\/2016 (c.d. GDPR), [&hellip;]\" \/>\n<meta property=\"og:url\" content=\"https:\/\/www.3tsrl.it\/?page_id=554\" \/>\n<meta property=\"og:site_name\" content=\"3T Trattamenti Termici Torino\" \/>\n<meta property=\"article:modified_time\" content=\"2025-04-07T15:23:08+00:00\" \/>\n<meta name=\"twitter:card\" content=\"summary_large_image\" \/>\n<meta name=\"twitter:label1\" content=\"Tempo di lettura stimato\" \/>\n\t<meta name=\"twitter:data1\" content=\"6 minuti\" \/>\n<script type=\"application\/ld+json\" class=\"yoast-schema-graph\">{\"@context\":\"https:\\\/\\\/schema.org\",\"@graph\":[{\"@type\":\"WebPage\",\"@id\":\"https:\\\/\\\/www.3tsrl.it\\\/?page_id=554\",\"url\":\"https:\\\/\\\/www.3tsrl.it\\\/?page_id=554\",\"name\":\"Informativa Clienti e Fornitori - 3T Trattamenti Termici Torino\",\"isPartOf\":{\"@id\":\"https:\\\/\\\/www.3tsrl.it\\\/#website\"},\"datePublished\":\"2025-04-07T15:15:06+00:00\",\"dateModified\":\"2025-04-07T15:23:08+00:00\",\"breadcrumb\":{\"@id\":\"https:\\\/\\\/www.3tsrl.it\\\/?page_id=554#breadcrumb\"},\"inLanguage\":\"it-IT\",\"potentialAction\":[{\"@type\":\"ReadAction\",\"target\":[\"https:\\\/\\\/www.3tsrl.it\\\/?page_id=554\"]}]},{\"@type\":\"BreadcrumbList\",\"@id\":\"https:\\\/\\\/www.3tsrl.it\\\/?page_id=554#breadcrumb\",\"itemListElement\":[{\"@type\":\"ListItem\",\"position\":1,\"name\":\"Home\",\"item\":\"https:\\\/\\\/www.3tsrl.it\\\/\"},{\"@type\":\"ListItem\",\"position\":2,\"name\":\"Informativa Clienti e Fornitori\"}]},{\"@type\":\"WebSite\",\"@id\":\"https:\\\/\\\/www.3tsrl.it\\\/#website\",\"url\":\"https:\\\/\\\/www.3tsrl.it\\\/\",\"name\":\"3T Trattamenti Termici Torino\",\"description\":\"\",\"potentialAction\":[{\"@type\":\"SearchAction\",\"target\":{\"@type\":\"EntryPoint\",\"urlTemplate\":\"https:\\\/\\\/www.3tsrl.it\\\/?s={search_term_string}\"},\"query-input\":{\"@type\":\"PropertyValueSpecification\",\"valueRequired\":true,\"valueName\":\"search_term_string\"}}],\"inLanguage\":\"it-IT\"}]}<\/script>\n<!-- \/ Yoast SEO plugin. -->","yoast_head_json":{"title":"Informativa Clienti e Fornitori - 3T Trattamenti Termici Torino","robots":{"index":"index","follow":"follow","max-snippet":"max-snippet:-1","max-image-preview":"max-image-preview:large","max-video-preview":"max-video-preview:-1"},"canonical":"https:\/\/www.3tsrl.it\/?page_id=554","og_locale":"it_IT","og_type":"article","og_title":"Informativa Clienti e Fornitori - 3T Trattamenti Termici Torino","og_description":"INFORMATIVA CLIENTI E FORNITORI \u00a0 Informazioni ai sensi dell\u2019art. 13 del Regolamento UE 679\/2016 GDPR (clienti e fornitori) In relazione ai dati personali che La riguardano e di cui 3 T \u2013 Trattamenti Termici Torino s.r.l. entrer\u00e0 in possesso nell\u2019ambito della propria attivit\u00e0 di impresa, ai sensi dell\u2019art. 13 del Regolamento Ue 679\/2016 (c.d. GDPR), [&hellip;]","og_url":"https:\/\/www.3tsrl.it\/?page_id=554","og_site_name":"3T Trattamenti Termici Torino","article_modified_time":"2025-04-07T15:23:08+00:00","twitter_card":"summary_large_image","twitter_misc":{"Tempo di lettura stimato":"6 minuti"},"schema":{"@context":"https:\/\/schema.org","@graph":[{"@type":"WebPage","@id":"https:\/\/www.3tsrl.it\/?page_id=554","url":"https:\/\/www.3tsrl.it\/?page_id=554","name":"Informativa Clienti e Fornitori - 3T Trattamenti Termici Torino","isPartOf":{"@id":"https:\/\/www.3tsrl.it\/#website"},"datePublished":"2025-04-07T15:15:06+00:00","dateModified":"2025-04-07T15:23:08+00:00","breadcrumb":{"@id":"https:\/\/www.3tsrl.it\/?page_id=554#breadcrumb"},"inLanguage":"it-IT","potentialAction":[{"@type":"ReadAction","target":["https:\/\/www.3tsrl.it\/?page_id=554"]}]},{"@type":"BreadcrumbList","@id":"https:\/\/www.3tsrl.it\/?page_id=554#breadcrumb","itemListElement":[{"@type":"ListItem","position":1,"name":"Home","item":"https:\/\/www.3tsrl.it\/"},{"@type":"ListItem","position":2,"name":"Informativa Clienti e Fornitori"}]},{"@type":"WebSite","@id":"https:\/\/www.3tsrl.it\/#website","url":"https:\/\/www.3tsrl.it\/","name":"3T Trattamenti Termici Torino","description":"","potentialAction":[{"@type":"SearchAction","target":{"@type":"EntryPoint","urlTemplate":"https:\/\/www.3tsrl.it\/?s={search_term_string}"},"query-input":{"@type":"PropertyValueSpecification","valueRequired":true,"valueName":"search_term_string"}}],"inLanguage":"it-IT"}]}},"_links":{"self":[{"href":"https:\/\/www.3tsrl.it\/index.php?rest_route=\/wp\/v2\/pages\/554","targetHints":{"allow":["GET"]}}],"collection":[{"href":"https:\/\/www.3tsrl.it\/index.php?rest_route=\/wp\/v2\/pages"}],"about":[{"href":"https:\/\/www.3tsrl.it\/index.php?rest_route=\/wp\/v2\/types\/page"}],"author":[{"embeddable":true,"href":"https:\/\/www.3tsrl.it\/index.php?rest_route=\/wp\/v2\/users\/1"}],"replies":[{"embeddable":true,"href":"https:\/\/www.3tsrl.it\/index.php?rest_route=%2Fwp%2Fv2%2Fcomments&post=554"}],"version-history":[{"count":7,"href":"https:\/\/www.3tsrl.it\/index.php?rest_route=\/wp\/v2\/pages\/554\/revisions"}],"predecessor-version":[{"id":573,"href":"https:\/\/www.3tsrl.it\/index.php?rest_route=\/wp\/v2\/pages\/554\/revisions\/573"}],"wp:attachment":[{"href":"https:\/\/www.3tsrl.it\/index.php?rest_route=%2Fwp%2Fv2%2Fmedia&parent=554"}],"curies":[{"name":"wp","href":"https:\/\/api.w.org\/{rel}","templated":true}]}}