{"id":562,"date":"2025-04-07T17:20:08","date_gmt":"2025-04-07T15:20:08","guid":{"rendered":"https:\/\/www.3tsrl.it\/?page_id=562"},"modified":"2025-04-07T17:22:25","modified_gmt":"2025-04-07T15:22:25","slug":"informativa-candidati-2","status":"publish","type":"page","link":"https:\/\/www.3tsrl.it\/?page_id=562","title":{"rendered":"Informativa Candidati"},"content":{"rendered":"\t\t<div data-elementor-type=\"wp-page\" data-elementor-id=\"562\" class=\"elementor elementor-562\" data-elementor-post-type=\"page\">\n\t\t\t\t<div class=\"elementor-element elementor-element-2fa57297 e-flex e-con-boxed e-con e-parent\" data-id=\"2fa57297\" data-element_type=\"container\" data-e-type=\"container\">\n\t\t\t\t\t<div class=\"e-con-inner\">\n\t\t\t\t<div class=\"elementor-element elementor-element-18ef87d9 elementor-widget elementor-widget-text-editor\" data-id=\"18ef87d9\" data-element_type=\"widget\" data-e-type=\"widget\" data-widget_type=\"text-editor.default\">\n\t\t\t\t<div class=\"elementor-widget-container\">\n\t\t\t\t\t\t\t\t\t<h2>INFORMATIVA CANDIDATI<\/h2><p>\u00a0<\/p><p><span style=\"font-weight: 400;\">Gentile candidato\/a,\u00a0<\/span><\/p><p><span style=\"font-weight: 400;\">in relazione ai dati personali che La riguardano e di cui 3 T Trattamenti Termici Torino s.r.l. entrer\u00e0 in possesso con la trasmissione del Suo <\/span><i><span style=\"font-weight: 400;\">curriculum vitae <\/span><\/i><span style=\"font-weight: 400;\">o durante una procedura di selezione del personale, ai sensi dell\u2019art. 13 del Regolamento Ue 679\/2016 e del D.lgs. 196\/2003 novellato dal D.lgs. 101\/2018, si forniscono le seguenti informazioni:\u00a0<\/span><\/p><p>\u00a0<\/p><p><b>1. Titolare del trattamento dei dati<\/b><\/p><p><span style=\"font-weight: 400;\">Il Titolare del trattamento \u00e8 3 T Trattamenti Termici Torino s.r.l. (P. IVA. 00767880016), con sede legale in Rivoli (TO) \u2013 via Vajont 77, in persona del Presidente del Consiglio di Amministrazione <\/span><i><span style=\"font-weight: 400;\">pro tempore<\/span><\/i><span style=\"font-weight: 400;\"> Lorenzo Perinetto<\/span><\/p><p>\u00a0<\/p><p><b>2. Finalit\u00e0 del trattamento dei dati<\/b><\/p><p><span style=\"font-weight: 400;\">I dati personali raccolti presso il candidato o presso i soggetti terzi di cui il Titolare si avvale per le procedure di selezione, sono trattati ed utilizzati per dar seguito alla richiesta del candidato e, pi\u00f9 precisamente, per procedere alla verifica dei presupposti per l&#8217;assunzione.<\/span><\/p><p><span style=\"font-weight: 400;\">La raccolta riguarder\u00e0 solo i dati comuni (anagrafici e di contatto), pertanto, il candidato non sar\u00e0 tenuto ad indicare quelli c.d. particolari, cos\u00ec come qualificati dall&#8217;art. 9 del Reg. 2016\/679 o sullo stato di salute. Si fa salva l&#8217;ipotesi in cui i dati in parola debbano essere conosciuti in ragione dell\u2019instaurando rapporto lavorativo, con particolare riferimento all&#8217;eventuale appartenenza del soggetto interessato alle categorie protette e alle eventuali visite mediche pre-assuntive.<\/span><\/p><p>\u00a0<\/p><p><b>3. Base giuridica del trattamento<\/b><\/p><p><span style=\"font-weight: 400;\">La liceit\u00e0 del trattamento dei dati personali dell\u2019interessato trova il proprio fondamento nell\u2019interesse legittimo del Titolare del Trattamento.<\/span><\/p><p>\u00a0<\/p><p><b>4. Comunicazione e diffusione<\/b><\/p><p><span style=\"font-weight: 400;\">I dati raccolti saranno trattati soltanto dal Titolare del trattamento e dai soggetti dal medesimo incaricati e non saranno divulgati a terzi non autorizzati.\u00a0\u00a0<\/span><\/p><p>\u00a0<\/p><p><b>5. Modalit\u00e0 del trattamento dei dati<\/b><\/p><p><span style=\"font-weight: 400;\">Il trattamento dei Suoi dati avviene con sistemi manuali e\/o informatici atti a memorizzare, gestire e trasmettere i dati stessi, con logiche strettamente correlate alle finalit\u00e0 di cui al punto 2 e, in ogni caso, in ottemperanza della disciplina normativa in materia di protezione dei dati personali.\u00a0<\/span><\/p><p>\u00a0<\/p><p><b>6. Natura del conferimento dei dati e conseguenze in caso di rifiuto al trattamento<\/b><\/p><p><span style=\"font-weight: 400;\">Il conferimento dei dati \u00e8 facoltativo ed \u00e8 rimesso alla volont\u00e0 del candidato presentare il proprio <\/span><i><span style=\"font-weight: 400;\">curriculum vitae.<\/span><\/i><span style=\"font-weight: 400;\"> Per quanto concerne i dati successivamente ed eventualmente richiesti dal Titolare, il mancato conferimento comporta l&#8217;impossibilit\u00e0 di procedere alla verifica dei presupposti per l&#8217;assunzione e\/o per l&#8217;avvio della collaborazione e, quindi, all&#8217;eventuale instaurazione del rapporto con il Titolare.<\/span><\/p><p>\u00a0<\/p><p><b>7. Periodo di conservazione dei dati<\/b><\/p><p><span style=\"font-weight: 400;\">I dati saranno conservati dal Titolare sino al termine della procedura di selezione del personale, salvo l&#8217;eventuale instaurazione del rapporto di lavoro e\/o di collaborazione.<\/span><\/p><p><span style=\"font-weight: 400;\">\u00a0<\/span><\/p><p><b>8. Diritti dell\u2019interessato<\/b><\/p><p><span style=\"font-weight: 400;\">3 T Trattamenti Termici Torino s.r.l. La informa che in qualsiasi momento pu\u00f2 ottenere dalla medesima la conferma che sia o meno in corso un trattamento dei dati personali che La riguardano e, in caso affermativo, ha il diritto di chiedere l\u2019accesso ai Suoi dati personali, la loro rettifica e integrazione, la loro cancellazione o la limitazione del trattamento, nonch\u00e9 ha il diritto di opporsi al loro trattamento.\u00a0<\/span><\/p><p><span style=\"font-weight: 400;\">Si rende altres\u00ec noto che Lei ha il diritto di ricevere in un formato strutturato, di uso comune e leggibile da dispositivo automatico, i dati personali che La riguardano forniti a 3 T Trattamenti Termici Torino s.r.l., oltre al diritto di trasmettere tali dati ad un altro titolare del trattamento senza impedimenti e in maniera diretta se tecnicamente fattibile (c.d. diritto alla portabilit\u00e0 dei dati).\u00a0<\/span><\/p><p><span style=\"font-weight: 400;\">Per l\u2019esercizio di tali diritti, l\u2019interessato pu\u00f2 trasmettere un\u2019apposita richiesta all\u2019indirizzo mail info@3ts.r.l.it.<\/span><\/p><p><span style=\"font-weight: 400;\">o, in alternativa, a mezzo raccomandata presso la sede legale di 3 T Trattamenti Termici Torino s.r.l. sita in Rivoli (TO) \u2013 via Vajont 77.\u00a0<\/span><\/p><p><span style=\"font-weight: 400;\">Alla richiesta verr\u00e0 fornito riscontro al pi\u00f9 tardi entro un mese; tale termine pu\u00f2 essere prorogato di due mesi tenuto conto della complessit\u00e0 e del numero delle richieste.<\/span><\/p><p><span style=\"font-weight: 400;\">L\u2019interessato ha altres\u00ec il diritto di proporre reclamo all\u2019Autorit\u00e0 di controllo.<\/span><\/p><p>\u00a0<\/p><p><br style=\"font-weight: 400;\" \/><br style=\"font-weight: 400;\" \/><\/p>\t\t\t\t\t\t\t\t<\/div>\n\t\t\t\t<\/div>\n\t\t\t\t\t<\/div>\n\t\t\t\t<\/div>\n\t\t\t\t<\/div>\n\t\t","protected":false},"excerpt":{"rendered":"<p>INFORMATIVA CANDIDATI \u00a0 Gentile candidato\/a,\u00a0 in relazione ai dati personali che La riguardano e di cui 3 T Trattamenti Termici Torino s.r.l. entrer\u00e0 in possesso con la trasmissione del Suo curriculum vitae o durante una procedura di selezione del personale, ai sensi dell\u2019art. 13 del Regolamento Ue 679\/2016 e del D.lgs. 196\/2003 novellato dal D.lgs. [&hellip;]<\/p>\n","protected":false},"author":1,"featured_media":0,"parent":0,"menu_order":0,"comment_status":"closed","ping_status":"closed","template":"","meta":{"footnotes":""},"class_list":["post-562","page","type-page","status-publish","hentry"],"yoast_head":"<!-- This site is optimized with the Yoast SEO plugin v27.5 - https:\/\/yoast.com\/product\/yoast-seo-wordpress\/ -->\n<title>Informativa Candidati - 3T Trattamenti Termici Torino<\/title>\n<meta name=\"robots\" content=\"index, follow, max-snippet:-1, max-image-preview:large, max-video-preview:-1\" \/>\n<link rel=\"canonical\" href=\"https:\/\/www.3tsrl.it\/?page_id=562\" \/>\n<meta property=\"og:locale\" content=\"it_IT\" \/>\n<meta property=\"og:type\" content=\"article\" \/>\n<meta property=\"og:title\" content=\"Informativa Candidati - 3T Trattamenti Termici Torino\" \/>\n<meta property=\"og:description\" content=\"INFORMATIVA CANDIDATI \u00a0 Gentile candidato\/a,\u00a0 in relazione ai dati personali che La riguardano e di cui 3 T Trattamenti Termici Torino s.r.l. entrer\u00e0 in possesso con la trasmissione del Suo curriculum vitae o durante una procedura di selezione del personale, ai sensi dell\u2019art. 13 del Regolamento Ue 679\/2016 e del D.lgs. 196\/2003 novellato dal D.lgs. [&hellip;]\" \/>\n<meta property=\"og:url\" content=\"https:\/\/www.3tsrl.it\/?page_id=562\" \/>\n<meta property=\"og:site_name\" content=\"3T Trattamenti Termici Torino\" \/>\n<meta property=\"article:modified_time\" content=\"2025-04-07T15:22:25+00:00\" \/>\n<meta name=\"twitter:card\" content=\"summary_large_image\" \/>\n<meta name=\"twitter:label1\" content=\"Tempo di lettura stimato\" \/>\n\t<meta name=\"twitter:data1\" content=\"4 minuti\" \/>\n<script type=\"application\/ld+json\" class=\"yoast-schema-graph\">{\"@context\":\"https:\\\/\\\/schema.org\",\"@graph\":[{\"@type\":\"WebPage\",\"@id\":\"https:\\\/\\\/www.3tsrl.it\\\/?page_id=562\",\"url\":\"https:\\\/\\\/www.3tsrl.it\\\/?page_id=562\",\"name\":\"Informativa Candidati - 3T Trattamenti Termici Torino\",\"isPartOf\":{\"@id\":\"https:\\\/\\\/www.3tsrl.it\\\/#website\"},\"datePublished\":\"2025-04-07T15:20:08+00:00\",\"dateModified\":\"2025-04-07T15:22:25+00:00\",\"breadcrumb\":{\"@id\":\"https:\\\/\\\/www.3tsrl.it\\\/?page_id=562#breadcrumb\"},\"inLanguage\":\"it-IT\",\"potentialAction\":[{\"@type\":\"ReadAction\",\"target\":[\"https:\\\/\\\/www.3tsrl.it\\\/?page_id=562\"]}]},{\"@type\":\"BreadcrumbList\",\"@id\":\"https:\\\/\\\/www.3tsrl.it\\\/?page_id=562#breadcrumb\",\"itemListElement\":[{\"@type\":\"ListItem\",\"position\":1,\"name\":\"Home\",\"item\":\"https:\\\/\\\/www.3tsrl.it\\\/\"},{\"@type\":\"ListItem\",\"position\":2,\"name\":\"Informativa Candidati\"}]},{\"@type\":\"WebSite\",\"@id\":\"https:\\\/\\\/www.3tsrl.it\\\/#website\",\"url\":\"https:\\\/\\\/www.3tsrl.it\\\/\",\"name\":\"3T Trattamenti Termici Torino\",\"description\":\"\",\"potentialAction\":[{\"@type\":\"SearchAction\",\"target\":{\"@type\":\"EntryPoint\",\"urlTemplate\":\"https:\\\/\\\/www.3tsrl.it\\\/?s={search_term_string}\"},\"query-input\":{\"@type\":\"PropertyValueSpecification\",\"valueRequired\":true,\"valueName\":\"search_term_string\"}}],\"inLanguage\":\"it-IT\"}]}<\/script>\n<!-- \/ Yoast SEO plugin. -->","yoast_head_json":{"title":"Informativa Candidati - 3T Trattamenti Termici Torino","robots":{"index":"index","follow":"follow","max-snippet":"max-snippet:-1","max-image-preview":"max-image-preview:large","max-video-preview":"max-video-preview:-1"},"canonical":"https:\/\/www.3tsrl.it\/?page_id=562","og_locale":"it_IT","og_type":"article","og_title":"Informativa Candidati - 3T Trattamenti Termici Torino","og_description":"INFORMATIVA CANDIDATI \u00a0 Gentile candidato\/a,\u00a0 in relazione ai dati personali che La riguardano e di cui 3 T Trattamenti Termici Torino s.r.l. entrer\u00e0 in possesso con la trasmissione del Suo curriculum vitae o durante una procedura di selezione del personale, ai sensi dell\u2019art. 13 del Regolamento Ue 679\/2016 e del D.lgs. 196\/2003 novellato dal D.lgs. [&hellip;]","og_url":"https:\/\/www.3tsrl.it\/?page_id=562","og_site_name":"3T Trattamenti Termici Torino","article_modified_time":"2025-04-07T15:22:25+00:00","twitter_card":"summary_large_image","twitter_misc":{"Tempo di lettura stimato":"4 minuti"},"schema":{"@context":"https:\/\/schema.org","@graph":[{"@type":"WebPage","@id":"https:\/\/www.3tsrl.it\/?page_id=562","url":"https:\/\/www.3tsrl.it\/?page_id=562","name":"Informativa Candidati - 3T Trattamenti Termici Torino","isPartOf":{"@id":"https:\/\/www.3tsrl.it\/#website"},"datePublished":"2025-04-07T15:20:08+00:00","dateModified":"2025-04-07T15:22:25+00:00","breadcrumb":{"@id":"https:\/\/www.3tsrl.it\/?page_id=562#breadcrumb"},"inLanguage":"it-IT","potentialAction":[{"@type":"ReadAction","target":["https:\/\/www.3tsrl.it\/?page_id=562"]}]},{"@type":"BreadcrumbList","@id":"https:\/\/www.3tsrl.it\/?page_id=562#breadcrumb","itemListElement":[{"@type":"ListItem","position":1,"name":"Home","item":"https:\/\/www.3tsrl.it\/"},{"@type":"ListItem","position":2,"name":"Informativa Candidati"}]},{"@type":"WebSite","@id":"https:\/\/www.3tsrl.it\/#website","url":"https:\/\/www.3tsrl.it\/","name":"3T Trattamenti Termici Torino","description":"","potentialAction":[{"@type":"SearchAction","target":{"@type":"EntryPoint","urlTemplate":"https:\/\/www.3tsrl.it\/?s={search_term_string}"},"query-input":{"@type":"PropertyValueSpecification","valueRequired":true,"valueName":"search_term_string"}}],"inLanguage":"it-IT"}]}},"_links":{"self":[{"href":"https:\/\/www.3tsrl.it\/index.php?rest_route=\/wp\/v2\/pages\/562","targetHints":{"allow":["GET"]}}],"collection":[{"href":"https:\/\/www.3tsrl.it\/index.php?rest_route=\/wp\/v2\/pages"}],"about":[{"href":"https:\/\/www.3tsrl.it\/index.php?rest_route=\/wp\/v2\/types\/page"}],"author":[{"embeddable":true,"href":"https:\/\/www.3tsrl.it\/index.php?rest_route=\/wp\/v2\/users\/1"}],"replies":[{"embeddable":true,"href":"https:\/\/www.3tsrl.it\/index.php?rest_route=%2Fwp%2Fv2%2Fcomments&post=562"}],"version-history":[{"count":7,"href":"https:\/\/www.3tsrl.it\/index.php?rest_route=\/wp\/v2\/pages\/562\/revisions"}],"predecessor-version":[{"id":570,"href":"https:\/\/www.3tsrl.it\/index.php?rest_route=\/wp\/v2\/pages\/562\/revisions\/570"}],"wp:attachment":[{"href":"https:\/\/www.3tsrl.it\/index.php?rest_route=%2Fwp%2Fv2%2Fmedia&parent=562"}],"curies":[{"name":"wp","href":"https:\/\/api.w.org\/{rel}","templated":true}]}}